{"id":56,"date":"2020-08-13T23:40:36","date_gmt":"2020-08-13T23:40:36","guid":{"rendered":"https:\/\/siticol.com\/unimos\/?page_id=56"},"modified":"2020-11-19T20:11:06","modified_gmt":"2020-11-19T20:11:06","slug":"servicios-suplementarios","status":"publish","type":"page","link":"https:\/\/siticol.com\/unimos\/servicios-suplementarios\/","title":{"rendered":"SERVICIOS SUPLEMENTARIOS"},"content":{"rendered":"<p>[et_pb_section fb_built=\u00bb1&#8243; admin_label=\u00bbsection\u00bb _builder_version=\u00bb4.6.6&#8243; background_image=\u00bbhttps:\/\/siticol.com\/unimos\/wp-content\/uploads\/2020\/11\/supl.png\u00bb background_position=\u00bbtop_center\u00bb][et_pb_row _builder_version=\u00bb4.6.6&#8243; _module_preset=\u00bbdefault\u00bb][et_pb_column type=\u00bb4_4&#8243; _builder_version=\u00bb4.6.6&#8243; _module_preset=\u00bbdefault\u00bb][\/et_pb_column][\/et_pb_row][et_pb_row _builder_version=\u00bb4.6.6&#8243; _module_preset=\u00bbdefault\u00bb][et_pb_column type=\u00bb4_4&#8243; _builder_version=\u00bb4.6.6&#8243; _module_preset=\u00bbdefault\u00bb][\/et_pb_column][\/et_pb_row][et_pb_row _builder_version=\u00bb4.6.6&#8243; _module_preset=\u00bbdefault\u00bb][et_pb_column type=\u00bb4_4&#8243; _builder_version=\u00bb4.6.6&#8243; _module_preset=\u00bbdefault\u00bb][\/et_pb_column][\/et_pb_row][\/et_pb_section][et_pb_section fb_built=\u00bb1&#8243; admin_label=\u00bbsection\u00bb _builder_version=\u00bb4.6.6&#8243; background_image=\u00bbhttps:\/\/siticol.com\/unimos\/wp-content\/uploads\/2020\/11\/WhatsApp-Image-2020-11-12-at-2.58.27-PM.jpeg\u00bb background_position=\u00bbbottom_center\u00bb][et_pb_row column_structure=\u00bb1_4,1_4,1_4,1_4&#8243; _builder_version=\u00bb4.6.6&#8243; _module_preset=\u00bbdefault\u00bb hover_enabled=\u00bb0&#8243; sticky_enabled=\u00bb0&#8243;][et_pb_column type=\u00bb1_4&#8243; _builder_version=\u00bb4.6.6&#8243; _module_preset=\u00bbdefault\u00bb hover_enabled=\u00bb0&#8243; box_shadow_style=\u00bbpreset1&#8243; box_shadow_blur=\u00bb0px\u00bb box_shadow_color=\u00bb#2a7dc1&#8243; box_shadow_blur__hover_enabled=\u00bbon|hover\u00bb sticky_enabled=\u00bb0&#8243; box_shadow_blur__hover=\u00bb28px\u00bb][et_pb_blurb title=\u00bbC\u00f3digo Secreto\u00bb use_icon=\u00bbon\u00bb font_icon=\u00bb%%228%%\u00bb icon_color=\u00bb#0C71C3&#8243; _builder_version=\u00bb4.6.6&#8243; _module_preset=\u00bbdefault\u00bb header_font=\u00bbOpen Sans|700|||||||\u00bb header_text_color=\u00bb#024072&#8243; body_text_color=\u00bb#FFFFFF\u00bb background_color=\u00bb#FFFFFF\u00bb text_orientation=\u00bbcenter\u00bb custom_padding=\u00bb20px||||false|false\u00bb]<\/p>\n<p>ds<\/p>\n<p>[\/et_pb_blurb][\/et_pb_column][et_pb_column type=\u00bb1_4&#8243; _builder_version=\u00bb4.6.6&#8243; _module_preset=\u00bbdefault\u00bb hover_enabled=\u00bb0&#8243; box_shadow_style=\u00bbpreset1&#8243; box_shadow_blur=\u00bb0px\u00bb box_shadow_blur__hover_enabled=\u00bbon|hover\u00bb sticky_enabled=\u00bb0&#8243; box_shadow_blur__hover=\u00bb28px\u00bb box_shadow_color=\u00bb#2a7dc1&#8243;][et_pb_blurb title=\u00bbDespertador\u00bb use_icon=\u00bbon\u00bb font_icon=\u00bb%%89%%\u00bb icon_color=\u00bb#0C71C3&#8243; _builder_version=\u00bb4.6.6&#8243; _module_preset=\u00bbdefault\u00bb header_font=\u00bbOpen Sans|700|||||||\u00bb header_text_color=\u00bb#024072&#8243; background_color=\u00bb#FFFFFF\u00bb text_orientation=\u00bbcenter\u00bb background_layout=\u00bbdark\u00bb custom_padding=\u00bb20px||||false|false\u00bb]<\/p>\n<p>ds<\/p>\n<p>[\/et_pb_blurb][\/et_pb_column][et_pb_column type=\u00bb1_4&#8243; _builder_version=\u00bb4.6.6&#8243; _module_preset=\u00bbdefault\u00bb hover_enabled=\u00bb0&#8243; box_shadow_style=\u00bbpreset1&#8243; box_shadow_blur=\u00bb0px\u00bb box_shadow_blur__hover_enabled=\u00bbon|hover\u00bb sticky_enabled=\u00bb0&#8243; box_shadow_blur__hover=\u00bb28px\u00bb box_shadow_color=\u00bb#2a7dc1&#8243;][et_pb_blurb title=\u00bbIdentificador de Llamadas\u00bb use_icon=\u00bbon\u00bb font_icon=\u00bb%%264%%\u00bb icon_color=\u00bb#0C71C3&#8243; _builder_version=\u00bb4.6.6&#8243; _module_preset=\u00bbdefault\u00bb header_font=\u00bbOpen Sans|700|||||||\u00bb header_text_color=\u00bb#024072&#8243; body_font=\u00bbOpen Sans|700|||||||\u00bb body_text_color=\u00bb#024072&#8243; background_color=\u00bb#FFFFFF\u00bb text_orientation=\u00bbcenter\u00bb custom_padding=\u00bb20px||||false|false\u00bb][\/et_pb_blurb][\/et_pb_column][et_pb_column type=\u00bb1_4&#8243; _builder_version=\u00bb4.6.6&#8243; _module_preset=\u00bbdefault\u00bb hover_enabled=\u00bb0&#8243; box_shadow_style=\u00bbpreset1&#8243; box_shadow_blur=\u00bb5px\u00bb box_shadow_blur__hover_enabled=\u00bbon|hover\u00bb sticky_enabled=\u00bb0&#8243; box_shadow_blur__hover=\u00bb29px\u00bb box_shadow_color=\u00bb#2a7dc1&#8243;][et_pb_blurb title=\u00bbLlamada en espera\u00bb use_icon=\u00bbon\u00bb font_icon=\u00bb%%104%%\u00bb icon_color=\u00bb#0C71C3&#8243; _builder_version=\u00bb4.6.6&#8243; _module_preset=\u00bbdefault\u00bb header_font=\u00bb|700|||||||\u00bb header_text_color=\u00bb#024072&#8243; background_color=\u00bb#FFFFFF\u00bb text_orientation=\u00bbcenter\u00bb background_layout=\u00bbdark\u00bb custom_padding=\u00bb20px||||false|false\u00bb]<\/p>\n<p>ds<\/p>\n<p>[\/et_pb_blurb][\/et_pb_column][\/et_pb_row][et_pb_row column_structure=\u00bb1_3,1_3,1_3&#8243; _builder_version=\u00bb4.6.6&#8243; _module_preset=\u00bbdefault\u00bb hover_enabled=\u00bb0&#8243; sticky_enabled=\u00bb0&#8243;][et_pb_column type=\u00bb1_3&#8243; _builder_version=\u00bb4.6.6&#8243; _module_preset=\u00bbdefault\u00bb hover_enabled=\u00bb0&#8243; box_shadow_style=\u00bbpreset1&#8243; box_shadow_blur=\u00bb0px\u00bb box_shadow_blur__hover_enabled=\u00bbon|desktop\u00bb sticky_enabled=\u00bb0&#8243; box_shadow_blur__hover=\u00bb28px\u00bb box_shadow_color=\u00bb#2a7dc1&#8243;][et_pb_blurb title=\u00bbTransferencia de llamadas si no hay respuesta\u00bb use_icon=\u00bbon\u00bb font_icon=\u00bb%%258%%\u00bb icon_color=\u00bb#0C71C3&#8243; _builder_version=\u00bb4.6.6&#8243; _module_preset=\u00bbdefault\u00bb header_font=\u00bb|700|||||||\u00bb header_text_color=\u00bb#024072&#8243; background_color=\u00bb#FFFFFF\u00bb text_orientation=\u00bbcenter\u00bb background_layout=\u00bbdark\u00bb custom_padding=\u00bb20px||||false|false\u00bb][\/et_pb_blurb][\/et_pb_column][et_pb_column type=\u00bb1_3&#8243; _builder_version=\u00bb4.6.6&#8243; _module_preset=\u00bbdefault\u00bb hover_enabled=\u00bb0&#8243; box_shadow_style=\u00bbpreset1&#8243; box_shadow_blur=\u00bb0px\u00bb box_shadow_blur__hover_enabled=\u00bbon|hover\u00bb sticky_enabled=\u00bb0&#8243; box_shadow_blur__hover=\u00bb28px\u00bb box_shadow_color=\u00bb#2a7dc1&#8243;][et_pb_blurb title=\u00bbTransferencia de llamadas sobre ocupado\u00bb use_icon=\u00bbon\u00bb font_icon=\u00bb%%194%%\u00bb icon_color=\u00bb#0C71C3&#8243; _builder_version=\u00bb4.6.6&#8243; _module_preset=\u00bbdefault\u00bb header_font=\u00bb|700|||||||\u00bb header_text_color=\u00bb#024072&#8243; background_color=\u00bb#FFFFFF\u00bb text_orientation=\u00bbcenter\u00bb background_layout=\u00bbdark\u00bb custom_padding=\u00bb20px||||false|false\u00bb][\/et_pb_blurb][\/et_pb_column][et_pb_column type=\u00bb1_3&#8243; _builder_version=\u00bb4.6.6&#8243; _module_preset=\u00bbdefault\u00bb hover_enabled=\u00bb0&#8243; box_shadow_style=\u00bbpreset1&#8243; box_shadow_blur=\u00bb0px\u00bb box_shadow_blur__hover_enabled=\u00bbon|hover\u00bb sticky_enabled=\u00bb0&#8243; box_shadow_blur__hover=\u00bb28px\u00bb box_shadow_color=\u00bb#2a7dc1&#8243;][et_pb_blurb title=\u00bbMultib\u00fasqueda\u00bb use_icon=\u00bbon\u00bb font_icon=\u00bb%%52%%\u00bb icon_color=\u00bb#0C71C3&#8243; _builder_version=\u00bb4.6.6&#8243; _module_preset=\u00bbdefault\u00bb header_font=\u00bb|700|||||||\u00bb header_text_color=\u00bb#024072&#8243; body_text_color=\u00bb#FFFFFF\u00bb background_color=\u00bb#FFFFFF\u00bb text_orientation=\u00bbcenter\u00bb background_layout=\u00bbdark\u00bb custom_padding=\u00bb20px||||false|false\u00bb]<\/p>\n<p>ds<\/p>\n<p>[\/et_pb_blurb][\/et_pb_column][\/et_pb_row][\/et_pb_section]<\/p>\n","protected":false},"excerpt":{"rendered":"<p>[et_pb_section fb_built=\u00bb1&#8243; admin_label=\u00bbsection\u00bb _builder_version=\u00bb4.6.6&#8243; background_image=\u00bbhttps:\/\/siticol.com\/unimos\/wp-content\/uploads\/2020\/11\/supl.png\u00bb background_position=\u00bbtop_center\u00bb][et_pb_row _builder_version=\u00bb4.6.6&#8243; _module_preset=\u00bbdefault\u00bb][et_pb_column type=\u00bb4_4&#8243; _builder_version=\u00bb4.6.6&#8243; _module_preset=\u00bbdefault\u00bb][\/et_pb_column][\/et_pb_row][et_pb_row _builder_version=\u00bb4.6.6&#8243; _module_preset=\u00bbdefault\u00bb][et_pb_column type=\u00bb4_4&#8243; _builder_version=\u00bb4.6.6&#8243; _module_preset=\u00bbdefault\u00bb][\/et_pb_column][\/et_pb_row][et_pb_row _builder_version=\u00bb4.6.6&#8243; _module_preset=\u00bbdefault\u00bb][et_pb_column type=\u00bb4_4&#8243; _builder_version=\u00bb4.6.6&#8243; _module_preset=\u00bbdefault\u00bb][\/et_pb_column][\/et_pb_row][\/et_pb_section][et_pb_section fb_built=\u00bb1&#8243; admin_label=\u00bbsection\u00bb _builder_version=\u00bb4.6.6&#8243; background_image=\u00bbhttps:\/\/siticol.com\/unimos\/wp-content\/uploads\/2020\/11\/WhatsApp-Image-2020-11-12-at-2.58.27-PM.jpeg\u00bb background_position=\u00bbbottom_center\u00bb][et_pb_row column_structure=\u00bb1_4,1_4,1_4,1_4&#8243; _builder_version=\u00bb4.6.6&#8243; _module_preset=\u00bbdefault\u00bb hover_enabled=\u00bb0&#8243; sticky_enabled=\u00bb0&#8243;][et_pb_column type=\u00bb1_4&#8243; _builder_version=\u00bb4.6.6&#8243; _module_preset=\u00bbdefault\u00bb hover_enabled=\u00bb0&#8243; box_shadow_style=\u00bbpreset1&#8243; box_shadow_blur=\u00bb0px\u00bb box_shadow_color=\u00bb#2a7dc1&#8243; box_shadow_blur__hover_enabled=\u00bbon|hover\u00bb sticky_enabled=\u00bb0&#8243; box_shadow_blur__hover=\u00bb28px\u00bb][et_pb_blurb title=\u00bbC\u00f3digo Secreto\u00bb use_icon=\u00bbon\u00bb font_icon=\u00bb%%228%%\u00bb icon_color=\u00bb#0C71C3&#8243; _builder_version=\u00bb4.6.6&#8243; _module_preset=\u00bbdefault\u00bb header_font=\u00bbOpen Sans|700|||||||\u00bb header_text_color=\u00bb#024072&#8243; body_text_color=\u00bb#FFFFFF\u00bb background_color=\u00bb#FFFFFF\u00bb text_orientation=\u00bbcenter\u00bb custom_padding=\u00bb20px||||false|false\u00bb] [&hellip;]<\/p>\n","protected":false},"author":1,"featured_media":0,"parent":0,"menu_order":0,"comment_status":"closed","ping_status":"closed","template":"template-gutentor-full-width.php","meta":{"_et_pb_use_builder":"on","_et_pb_old_content":"<!-- wp:gutentor\/m4 {\"gID\":\"gm4f45615\",\"columns\":3,\"dLayout\":\"oneTenOne\",\"mBGType\":\"image-bg\",\"mBGImage\":{\"id\":362,\"title\":\"Abstract blue geometric shapes background\",\"filename\":\"17545-scaled.jpg\",\"url\":\"https:\/\/siticol.com\/unimos\/wp-content\/uploads\/2020\/10\/17545-scaled.jpg\",\"link\":\"https:\/\/siticol.com\/unimos\/telefonia\/abstract-blue-geometric-shapes-background\/\",\"alt\":\"\",\"author\":\"1\",\"description\":\"\",\"caption\":\"Abstract blue geometric shapes background\",\"name\":\"abstract-blue-geometric-shapes-background\",\"status\":\"inherit\",\"uploadedTo\":48,\"date\":\"2020-10-06T23:45:55.000Z\",\"modified\":\"2020-10-06T23:45:55.000Z\",\"menuOrder\":0,\"mime\":\"image\/jpeg\",\"type\":\"image\",\"subtype\":\"jpeg\",\"icon\":\"https:\/\/siticol.com\/unimos\/wp-includes\/images\/media\/default.png\",\"dateFormatted\":\"6 octubre, 2020\",\"nonces\":{\"update\":\"ab62a09b54\",\"delete\":\"aae2faee9f\",\"edit\":\"d8e1d3126b\"},\"editLink\":\"https:\/\/siticol.com\/unimos\/wp-admin\/post.php?post=362u0026action=edit\",\"meta\":false,\"authorName\":\"efrainfajardo\",\"uploadedToLink\":\"https:\/\/siticol.com\/unimos\/wp-admin\/post.php?post=48u0026action=edit\",\"uploadedToTitle\":\"TELEFON\u00cdA\",\"filesizeInBytes\":136083,\"filesizeHumanReadable\":\"133 KB\",\"context\":\"\",\"originalImageURL\":\"https:\/\/siticol.com\/unimos\/wp-content\/uploads\/2020\/10\/17545.jpg\",\"originalImageName\":\"17545.jpg\",\"height\":1741,\"width\":2560,\"orientation\":\"landscape\",\"sizes\":{\"thumbnail\":{\"height\":150,\"width\":150,\"url\":\"https:\/\/siticol.com\/unimos\/wp-content\/uploads\/2020\/10\/17545-150x150.jpg\",\"orientation\":\"landscape\"},\"medium\":{\"height\":204,\"width\":300,\"url\":\"https:\/\/siticol.com\/unimos\/wp-content\/uploads\/2020\/10\/17545-300x204.jpg\",\"orientation\":\"landscape\"},\"large\":{\"height\":436,\"width\":640,\"url\":\"https:\/\/siticol.com\/unimos\/wp-content\/uploads\/2020\/10\/17545-1024x697.jpg\",\"orientation\":\"landscape\"},\"full\":{\"url\":\"https:\/\/siticol.com\/unimos\/wp-content\/uploads\/2020\/10\/17545-scaled.jpg\",\"height\":1741,\"width\":2560,\"orientation\":\"landscape\"}},\"compat\":{\"item\":\"\",\"meta\":\"\"}},\"mBGImgSize\":\"cover\",\"mBGImgAttach\":\"fixed\",\"mOnOverlay\":true,\"mOverlayColor\":\"rgba(255,255,255,0.35)\"} -->\n<section id=\"gm4f45615\" class=\"wp-block-gutentor-m4 section-gm4f45615 gutentor-module gutentor-advanced-columns has-image-bg has-custom-bg has-gutentor-overlay\"><div class=\"grid-container\"><div class=\"grid-row\"><!-- wp:gutentor\/m4-col {\"gID\":\"gm8bcda9\",\"mPID\":\"4f45615a-7c8a-4aae-8324-fa81ccd6179c\",\"columns\":3,\"dLayout\":\"oneTenOne\",\"layoutIndex\":0,\"dLayoutColumn\":1,\"colWidth\":8.333333333333332} -->\n<div id=\"col-gm8bcda9\" class=\"wp-block-gutentor-m4-col col-gm8bcda9 gutentor-single-column  grid-lg-1 grid-md-12 grid-12\"><div id=\"section-gm8bcda9\" class=\"section-gm8bcda9 gutentor-col-wrap\"><\/div><\/div>\n<!-- \/wp:gutentor\/m4-col -->\n\n<!-- wp:gutentor\/m4-col {\"gID\":\"gma1d296\",\"mPID\":\"4f45615a-7c8a-4aae-8324-fa81ccd6179c\",\"columns\":3,\"dLayout\":\"oneTenOne\",\"layoutIndex\":1,\"dLayoutColumn\":10,\"colWidth\":83.33333333333334,\"mPadding\":{\"dTop\":\"20\",\"dBottom\":\"20\"}} -->\n<div id=\"col-gma1d296\" class=\"wp-block-gutentor-m4-col col-gma1d296 gutentor-single-column  grid-lg-10 grid-md-12 grid-12\"><div id=\"section-gma1d296\" class=\"section-gma1d296 gutentor-col-wrap\"><!-- wp:heading {\"align\":\"center\",\"level\":1} -->\n<h1 class=\"has-text-align-center\">SERVICIOS SUPLEMENTARIOS<\/h1>\n<!-- \/wp:heading -->\n\n<!-- wp:gutentor\/e0 {\"gID\":\"ge22ac6\",\"e0AT\":\"Si tiene l\u00ednea telef\u00f3nica Unimos puede acceder a los servicios suplementarios los cuales puede activar en nuestro centro de atenci\u00f3n al Cliente. Los cuales son:\",\"e0Tag\":\"h5\",\"e0Align\":{\"desktop\":\"text-align-center\",\"tablet\":\"text-align-center\",\"mobile\":\"text-align-center\"},\"e0Color\":{\"enable\":true,\"normal\":\"#0a0808\",\"hover\":\"\"}} -->\n<div id=\"section-ge22ac6\" class=\"wp-block-gutentor-e0 section-ge22ac6 gutentor-element gutentor-element-advanced-text text-align-center-desktop text-align-center-tablet text-align-center-mobile\"><div class=\"gutentor-text-wrap\"><h5 class=\"gutentor-text\">Si tiene l\u00ednea telef\u00f3nica Unimos puede acceder a los servicios suplementarios los cuales puede activar en nuestro centro de atenci\u00f3n al Cliente. Los cuales son:<\/h5><\/div><\/div>\n<!-- \/wp:gutentor\/e0 -->\n\n<!-- wp:list -->\n<ul id=\"block-65bdb8b8-b77e-448d-b7dc-5ec5f555ffb7\"><li><strong><em>C\u00f3digo Secreto<\/em><\/strong><\/li><li><strong><em>Despertador<\/em><\/strong><\/li><li><strong><em>Identificador de Llamadas<\/em><\/strong><\/li><li><strong><em>Llamada en espera<\/em><\/strong><\/li><li><strong><em>Transferencia de llamadas si no hay contestaci\u00f3n<\/em><\/strong><\/li><li><strong><em>Transferencia de llamadas sobre ocupado<\/em><\/strong><\/li><li><strong><em>Multib\u00fasqueda<\/em><\/strong><\/li><\/ul>\n<!-- \/wp:list -->\n\n<!-- wp:separator -->\n<hr class=\"wp-block-separator\"\/>\n<!-- \/wp:separator -->\n\n<!-- wp:gutentor\/m4 {\"gID\":\"gmd18bd6f\",\"columns\":2,\"dLayout\":\"sixSix\"} -->\n<section id=\"gmd18bd6f\" class=\"wp-block-gutentor-m4 section-gmd18bd6f gutentor-module gutentor-advanced-columns\"><div class=\"grid-container\"><div class=\"grid-row\"><!-- wp:gutentor\/m4-col {\"gID\":\"gm636dbf\",\"mPID\":\"d18bd6f3-cb04-4602-8328-a68494b4fb39\",\"columns\":2,\"dLayout\":\"sixSix\",\"layoutIndex\":0,\"dLayoutColumn\":6,\"colWidth\":50} -->\n<div id=\"col-gm636dbf\" class=\"wp-block-gutentor-m4-col col-gm636dbf gutentor-single-column  grid-lg-6 grid-md-12 grid-12\"><div id=\"section-gm636dbf\" class=\"section-gm636dbf gutentor-col-wrap\"><!-- wp:gutentor\/e6 {\"gID\":\"gfb53f4\",\"e6Img\":{\"sizes\":{\"thumbnail\":{\"height\":150,\"width\":150,\"url\":\"https:\/\/siticol.com\/unimos\/wp-content\/uploads\/2020\/08\/identificador-de-llamadas-1-150x150.jpg\",\"orientation\":\"landscape\"},\"medium\":{\"height\":300,\"width\":214,\"url\":\"https:\/\/siticol.com\/unimos\/wp-content\/uploads\/2020\/08\/identificador-de-llamadas-1-214x300.jpg\",\"orientation\":\"portrait\"},\"full\":{\"url\":\"https:\/\/siticol.com\/unimos\/wp-content\/uploads\/2020\/08\/identificador-de-llamadas-1.jpg\",\"height\":700,\"width\":500,\"orientation\":\"portrait\"}},\"url\":\"https:\/\/siticol.com\/unimos\/wp-content\/uploads\/2020\/08\/identificador-de-llamadas-1.jpg\",\"alt\":\"\"}} -->\n<div id=\"section-gfb53f4\" class=\"wp-block-gutentor-e6 section-gfb53f4 gutentor-element gutentor-element-image\"><div class=\"gutentor-element-image-box\"><div class=\"gutentor-image-thumb\"><img class=\"normal-image\" src=\"https:\/\/siticol.com\/unimos\/wp-content\/uploads\/2020\/08\/identificador-de-llamadas-1.jpg\"\/><\/div><\/div><\/div>\n<!-- \/wp:gutentor\/e6 --><\/div><\/div>\n<!-- \/wp:gutentor\/m4-col -->\n\n<!-- wp:gutentor\/m4-col {\"gID\":\"gmc065f3\",\"mPID\":\"d18bd6f3-cb04-4602-8328-a68494b4fb39\",\"columns\":2,\"dLayout\":\"sixSix\",\"layoutIndex\":1,\"dLayoutColumn\":6,\"colWidth\":50} -->\n<div id=\"col-gmc065f3\" class=\"wp-block-gutentor-m4-col col-gmc065f3 gutentor-single-column  grid-lg-6 grid-md-12 grid-12\"><div id=\"section-gmc065f3\" class=\"section-gmc065f3 gutentor-col-wrap\"><!-- wp:gutentor\/e6 {\"gID\":\"ga77b03\",\"e6Img\":{\"sizes\":{\"thumbnail\":{\"height\":150,\"width\":150,\"url\":\"https:\/\/siticol.com\/unimos\/wp-content\/uploads\/2020\/08\/codigo-secreto-150x150.jpg\",\"orientation\":\"landscape\"},\"medium\":{\"height\":300,\"width\":300,\"url\":\"https:\/\/siticol.com\/unimos\/wp-content\/uploads\/2020\/08\/codigo-secreto-300x300.jpg\",\"orientation\":\"landscape\"},\"full\":{\"url\":\"https:\/\/siticol.com\/unimos\/wp-content\/uploads\/2020\/08\/codigo-secreto.jpg\",\"height\":498,\"width\":500,\"orientation\":\"landscape\"}},\"url\":\"https:\/\/siticol.com\/unimos\/wp-content\/uploads\/2020\/08\/codigo-secreto.jpg\",\"alt\":\"\"}} -->\n<div id=\"section-ga77b03\" class=\"wp-block-gutentor-e6 section-ga77b03 gutentor-element gutentor-element-image\"><div class=\"gutentor-element-image-box\"><div class=\"gutentor-image-thumb\"><img class=\"normal-image\" src=\"https:\/\/siticol.com\/unimos\/wp-content\/uploads\/2020\/08\/codigo-secreto.jpg\"\/><\/div><\/div><\/div>\n<!-- \/wp:gutentor\/e6 --><\/div><\/div>\n<!-- \/wp:gutentor\/m4-col --><\/div><\/div><\/section>\n<!-- \/wp:gutentor\/m4 --><\/div><\/div>\n<!-- \/wp:gutentor\/m4-col -->\n\n<!-- wp:gutentor\/m4-col {\"gID\":\"gm17cb34\",\"mPID\":\"4f45615a-7c8a-4aae-8324-fa81ccd6179c\",\"columns\":3,\"dLayout\":\"oneTenOne\",\"layoutIndex\":2,\"dLayoutColumn\":1,\"colWidth\":8.333333333333332} -->\n<div id=\"col-gm17cb34\" class=\"wp-block-gutentor-m4-col col-gm17cb34 gutentor-single-column  grid-lg-1 grid-md-12 grid-12\"><div id=\"section-gm17cb34\" class=\"section-gm17cb34 gutentor-col-wrap\"><\/div><\/div>\n<!-- \/wp:gutentor\/m4-col --><\/div><\/div><\/section>\n<!-- \/wp:gutentor\/m4 -->","_et_gb_content_width":"","om_disable_all_campaigns":false,"_monsterinsights_skip_tracking":false,"_monsterinsights_sitenote_active":false,"_monsterinsights_sitenote_note":"","_monsterinsights_sitenote_category":0,"footnotes":""},"class_list":["post-56","page","type-page","status-publish","hentry"],"jetpack_sharing_enabled":true,"_links":{"self":[{"href":"https:\/\/siticol.com\/unimos\/wp-json\/wp\/v2\/pages\/56","targetHints":{"allow":["GET"]}}],"collection":[{"href":"https:\/\/siticol.com\/unimos\/wp-json\/wp\/v2\/pages"}],"about":[{"href":"https:\/\/siticol.com\/unimos\/wp-json\/wp\/v2\/types\/page"}],"author":[{"embeddable":true,"href":"https:\/\/siticol.com\/unimos\/wp-json\/wp\/v2\/users\/1"}],"replies":[{"embeddable":true,"href":"https:\/\/siticol.com\/unimos\/wp-json\/wp\/v2\/comments?post=56"}],"version-history":[{"count":4,"href":"https:\/\/siticol.com\/unimos\/wp-json\/wp\/v2\/pages\/56\/revisions"}],"predecessor-version":[{"id":784,"href":"https:\/\/siticol.com\/unimos\/wp-json\/wp\/v2\/pages\/56\/revisions\/784"}],"wp:attachment":[{"href":"https:\/\/siticol.com\/unimos\/wp-json\/wp\/v2\/media?parent=56"}],"curies":[{"name":"wp","href":"https:\/\/api.w.org\/{rel}","templated":true}]}}