{"id":291,"date":"2020-10-05T20:41:43","date_gmt":"2020-10-05T20:41:43","guid":{"rendered":"https:\/\/siticol.com\/unimos\/?page_id=291"},"modified":"2020-11-19T19:24:39","modified_gmt":"2020-11-19T19:24:39","slug":"complementarios","status":"publish","type":"page","link":"https:\/\/siticol.com\/unimos\/complementarios\/","title":{"rendered":"Complementarios:"},"content":{"rendered":"<p>[et_pb_section fb_built=\u00bb1&#8243; _builder_version=\u00bb4.6.6&#8243; _module_preset=\u00bbdefault\u00bb background_image=\u00bbhttps:\/\/siticol.com\/unimos\/wp-content\/uploads\/2020\/11\/Unimos-templates-06.jpg\u00bb][et_pb_row _builder_version=\u00bb4.6.6&#8243; _module_preset=\u00bbdefault\u00bb custom_padding=\u00bb||0px||false|false\u00bb][et_pb_column type=\u00bb4_4&#8243; _builder_version=\u00bb4.6.6&#8243; _module_preset=\u00bbdefault\u00bb][et_pb_text _builder_version=\u00bb4.6.6&#8243; _module_preset=\u00bbdefault\u00bb text_font=\u00bbOpen Sans|700|||||||\u00bb text_text_color=\u00bb#FFFFFF\u00bb text_font_size=\u00bb42px\u00bb text_orientation=\u00bbcenter\u00bb custom_margin=\u00bb||0px||false|false\u00bb custom_padding=\u00bb||0px||false|false\u00bb]<\/p>\n<p>COMPLEMENTARIOS<\/p>\n<p>[\/et_pb_text][\/et_pb_column][\/et_pb_row][et_pb_row _builder_version=\u00bb4.6.6&#8243; _module_preset=\u00bbdefault\u00bb][et_pb_column type=\u00bb4_4&#8243; _builder_version=\u00bb4.6.6&#8243; _module_preset=\u00bbdefault\u00bb][et_pb_text _builder_version=\u00bb4.6.6&#8243; _module_preset=\u00bbdefault\u00bb text_font=\u00bbOpen Sans||||||||\u00bb text_text_color=\u00bb#FFFFFF\u00bb text_font_size=\u00bb22px\u00bb text_orientation=\u00bbcenter\u00bb custom_margin=\u00bb0px||||false|false\u00bb custom_padding=\u00bb0px||||false|false\u00bb]<\/p>\n<p>Si tiene l\u00ednea telef\u00f3nica Unimos puede acceder a los servicios complementarios los cuales puede activar en nuestro centro de atenci\u00f3n al Cliente. Los cuales son:<\/p>\n<p>[\/et_pb_text][\/et_pb_column][\/et_pb_row][et_pb_row column_structure=\u00bb1_3,1_3,1_3&#8243; _builder_version=\u00bb4.6.6&#8243; _module_preset=\u00bbdefault\u00bb][et_pb_column type=\u00bb1_3&#8243; _builder_version=\u00bb4.6.6&#8243; _module_preset=\u00bbdefault\u00bb link_option_url=\u00bbhttps:\/\/siticol.com\/unimos\/contactanos-servicios\/\u00bb][et_pb_blurb title=\u00bbCambio de n\u00famero\u00bb use_icon=\u00bbon\u00bb font_icon=\u00bb%%135%%\u00bb icon_color=\u00bb#0C71C3&#8243; _builder_version=\u00bb4.6.6&#8243; _module_preset=\u00bbdefault\u00bb header_font=\u00bb|700|||||||\u00bb header_text_color=\u00bb#054a87&#8243; header_font_size=\u00bb23px\u00bb body_text_color=\u00bb#FFFFFF\u00bb background_color=\u00bb#FFFFFF\u00bb text_orientation=\u00bbcenter\u00bb hover_enabled=\u00bb0&#8243; box_shadow_style=\u00bbpreset1&#8243; box_shadow_spread=\u00bb-8px\u00bb box_shadow_color=\u00bb#FFFFFF\u00bb box_shadow_blur__hover_enabled=\u00bbon|desktop\u00bb box_shadow_blur__hover=\u00bb26px\u00bb box_shadow_spread__hover_enabled=\u00bbon|hover\u00bb box_shadow_spread__hover=\u00bb-2px\u00bb custom_padding=\u00bb20px||||false|false\u00bb sticky_enabled=\u00bb0&#8243;]<\/p>\n<p>..<\/p>\n<p>[\/et_pb_blurb][\/et_pb_column][et_pb_column type=\u00bb1_3&#8243; _builder_version=\u00bb4.6.6&#8243; _module_preset=\u00bbdefault\u00bb link_option_url=\u00bbhttps:\/\/siticol.com\/unimos\/contactanos-servicios\/\u00bb][et_pb_blurb title=\u00bbTraslado de l\u00ednea\u00bb use_icon=\u00bbon\u00bb font_icon=\u00bb%%264%%\u00bb icon_color=\u00bb#0C71C3&#8243; _builder_version=\u00bb4.6.6&#8243; _module_preset=\u00bbdefault\u00bb header_font=\u00bb|700|||||||\u00bb header_text_color=\u00bb#054a87&#8243; header_font_size=\u00bb23px\u00bb body_text_color=\u00bb#FFFFFF\u00bb background_color=\u00bb#FFFFFF\u00bb text_orientation=\u00bbcenter\u00bb hover_enabled=\u00bb0&#8243; box_shadow_style=\u00bbpreset1&#8243; box_shadow_spread=\u00bb-8px\u00bb box_shadow_color=\u00bb#FFFFFF\u00bb box_shadow_blur__hover_enabled=\u00bbon|desktop\u00bb box_shadow_blur__hover=\u00bb26px\u00bb box_shadow_spread__hover_enabled=\u00bbon|hover\u00bb box_shadow_spread__hover=\u00bb-2px\u00bb custom_padding=\u00bb20px||||false|false\u00bb sticky_enabled=\u00bb0&#8243;]<\/p>\n<p>..<\/p>\n<p>[\/et_pb_blurb][\/et_pb_column][et_pb_column type=\u00bb1_3&#8243; _builder_version=\u00bb4.6.6&#8243; _module_preset=\u00bbdefault\u00bb link_option_url=\u00bbhttps:\/\/siticol.com\/unimos\/contactanos-servicios\/\u00bb][et_pb_blurb title=\u00bbCesi\u00f3n de derechos\u00bb use_icon=\u00bbon\u00bb font_icon=\u00bb%%209%%\u00bb icon_color=\u00bb#0C71C3&#8243; _builder_version=\u00bb4.6.6&#8243; _module_preset=\u00bbdefault\u00bb header_font=\u00bb|700|||||||\u00bb header_text_color=\u00bb#054a87&#8243; header_font_size=\u00bb23px\u00bb body_text_color=\u00bb#FFFFFF\u00bb background_color=\u00bb#FFFFFF\u00bb text_orientation=\u00bbcenter\u00bb hover_enabled=\u00bb0&#8243; box_shadow_style=\u00bbpreset1&#8243; box_shadow_spread=\u00bb-8px\u00bb box_shadow_color=\u00bb#FFFFFF\u00bb box_shadow_blur__hover_enabled=\u00bbon|desktop\u00bb box_shadow_blur__hover=\u00bb26px\u00bb box_shadow_spread__hover_enabled=\u00bbon|hover\u00bb box_shadow_spread__hover=\u00bb-2px\u00bb custom_padding=\u00bb20px||||false|false\u00bb sticky_enabled=\u00bb0&#8243;]<\/p>\n<p>..<\/p>\n<p>[\/et_pb_blurb][\/et_pb_column][\/et_pb_row][\/et_pb_section]<\/p>\n","protected":false},"excerpt":{"rendered":"<p>[et_pb_section fb_built=\u00bb1&#8243; _builder_version=\u00bb4.6.6&#8243; _module_preset=\u00bbdefault\u00bb background_image=\u00bbhttps:\/\/siticol.com\/unimos\/wp-content\/uploads\/2020\/11\/Unimos-templates-06.jpg\u00bb][et_pb_row _builder_version=\u00bb4.6.6&#8243; _module_preset=\u00bbdefault\u00bb custom_padding=\u00bb||0px||false|false\u00bb][et_pb_column type=\u00bb4_4&#8243; _builder_version=\u00bb4.6.6&#8243; _module_preset=\u00bbdefault\u00bb][et_pb_text _builder_version=\u00bb4.6.6&#8243; _module_preset=\u00bbdefault\u00bb text_font=\u00bbOpen Sans|700|||||||\u00bb text_text_color=\u00bb#FFFFFF\u00bb text_font_size=\u00bb42px\u00bb text_orientation=\u00bbcenter\u00bb custom_margin=\u00bb||0px||false|false\u00bb custom_padding=\u00bb||0px||false|false\u00bb] COMPLEMENTARIOS [\/et_pb_text][\/et_pb_column][\/et_pb_row][et_pb_row _builder_version=\u00bb4.6.6&#8243; _module_preset=\u00bbdefault\u00bb][et_pb_column type=\u00bb4_4&#8243; _builder_version=\u00bb4.6.6&#8243; _module_preset=\u00bbdefault\u00bb][et_pb_text _builder_version=\u00bb4.6.6&#8243; _module_preset=\u00bbdefault\u00bb text_font=\u00bbOpen Sans||||||||\u00bb text_text_color=\u00bb#FFFFFF\u00bb text_font_size=\u00bb22px\u00bb text_orientation=\u00bbcenter\u00bb custom_margin=\u00bb0px||||false|false\u00bb custom_padding=\u00bb0px||||false|false\u00bb] Si tiene l\u00ednea telef\u00f3nica Unimos puede acceder a los servicios complementarios los cuales puede activar en nuestro centro de [&hellip;]<\/p>\n","protected":false},"author":1,"featured_media":0,"parent":0,"menu_order":0,"comment_status":"closed","ping_status":"closed","template":"template-gutentor-full-width.php","meta":{"_et_pb_use_builder":"on","_et_pb_old_content":"<!-- wp:gutentor\/m4 {\"gID\":\"gma06ca22\",\"columns\":3,\"dLayout\":\"oneTenOne\",\"mBGType\":\"image-bg\",\"mBGImage\":{\"id\":363,\"title\":\"1997595-02\",\"filename\":\"1997595-02.png\",\"url\":\"https:\/\/siticol.com\/unimos\/wp-content\/uploads\/2020\/10\/1997595-02.png\",\"link\":\"https:\/\/siticol.com\/unimos\/telefonia\/1997595-02\/\",\"alt\":\"\",\"author\":\"1\",\"description\":\"\",\"caption\":\"\",\"name\":\"1997595-02\",\"status\":\"inherit\",\"uploadedTo\":48,\"date\":\"2020-10-06T23:46:28.000Z\",\"modified\":\"2020-10-06T23:46:28.000Z\",\"menuOrder\":0,\"mime\":\"image\/png\",\"type\":\"image\",\"subtype\":\"png\",\"icon\":\"https:\/\/siticol.com\/unimos\/wp-includes\/images\/media\/default.png\",\"dateFormatted\":\"6 octubre, 2020\",\"nonces\":{\"update\":\"826ed0faad\",\"delete\":\"778abb9954\",\"edit\":\"37542bf44d\"},\"editLink\":\"https:\/\/siticol.com\/unimos\/wp-admin\/post.php?post=363u0026action=edit\",\"meta\":false,\"authorName\":\"efrainfajardo\",\"uploadedToLink\":\"https:\/\/siticol.com\/unimos\/wp-admin\/post.php?post=48u0026action=edit\",\"uploadedToTitle\":\"TELEFON\u00cdA\",\"filesizeInBytes\":792973,\"filesizeHumanReadable\":\"774 KB\",\"context\":\"\",\"height\":2084,\"width\":3126,\"orientation\":\"landscape\",\"sizes\":{\"thumbnail\":{\"height\":150,\"width\":150,\"url\":\"https:\/\/siticol.com\/unimos\/wp-content\/uploads\/2020\/10\/1997595-02-150x150.png\",\"orientation\":\"landscape\"},\"medium\":{\"height\":200,\"width\":300,\"url\":\"https:\/\/siticol.com\/unimos\/wp-content\/uploads\/2020\/10\/1997595-02-300x200.png\",\"orientation\":\"landscape\"},\"large\":{\"height\":427,\"width\":640,\"url\":\"https:\/\/siticol.com\/unimos\/wp-content\/uploads\/2020\/10\/1997595-02-1024x683.png\",\"orientation\":\"landscape\"},\"full\":{\"url\":\"https:\/\/siticol.com\/unimos\/wp-content\/uploads\/2020\/10\/1997595-02.png\",\"height\":2084,\"width\":3126,\"orientation\":\"landscape\"}},\"compat\":{\"item\":\"\",\"meta\":\"\"}},\"mOnOverlay\":true,\"mOverlayColor\":\"rgba(255,255,255,0.67)\",\"mPadding\":{\"dTop\":\"20\",\"dBottom\":\"20\"}} -->\n<section id=\"gma06ca22\" class=\"wp-block-gutentor-m4 section-gma06ca22 gutentor-module gutentor-advanced-columns has-image-bg has-custom-bg has-gutentor-overlay\"><div class=\"grid-container\"><div class=\"grid-row\"><!-- wp:gutentor\/m4-col {\"gID\":\"gm02c40e\",\"mPID\":\"a06ca22b-b8cb-40de-9e82-fea1b0383b7b\",\"columns\":3,\"dLayout\":\"oneTenOne\",\"layoutIndex\":0,\"dLayoutColumn\":1,\"colWidth\":8.333333333333332} -->\n<div id=\"col-gm02c40e\" class=\"wp-block-gutentor-m4-col col-gm02c40e gutentor-single-column  grid-lg-1 grid-md-12 grid-12\"><div id=\"section-gm02c40e\" class=\"section-gm02c40e gutentor-col-wrap\"><\/div><\/div>\n<!-- \/wp:gutentor\/m4-col -->\n\n<!-- wp:gutentor\/m4-col {\"gID\":\"gm7fcba7\",\"mPID\":\"a06ca22b-b8cb-40de-9e82-fea1b0383b7b\",\"columns\":3,\"dLayout\":\"oneTenOne\",\"layoutIndex\":1,\"dLayoutColumn\":10,\"colWidth\":83.33333333333334} -->\n<div id=\"col-gm7fcba7\" class=\"wp-block-gutentor-m4-col col-gm7fcba7 gutentor-single-column  grid-lg-10 grid-md-12 grid-12\"><div id=\"section-gm7fcba7\" class=\"section-gm7fcba7 gutentor-col-wrap\"><!-- wp:heading {\"align\":\"center\",\"level\":1} -->\n<h1 class=\"has-text-align-center\">Complementarios:<\/h1>\n<!-- \/wp:heading -->\n\n<!-- wp:gutentor\/e0 {\"gID\":\"gdd4222\",\"e0AT\":\"Si tiene l\u00ednea telef\u00f3nica Unimos puede acceder a los servicios complementarios los cuales puede activar en nuestro centro de atenci\u00f3n al Cliente. Los cuales son:\",\"e0Tag\":\"h5\",\"e0Align\":{\"desktop\":\"text-align-center\",\"tablet\":\"text-align-center\",\"mobile\":\"text-align-center\"}} -->\n<div id=\"section-gdd4222\" class=\"wp-block-gutentor-e0 section-gdd4222 gutentor-element gutentor-element-advanced-text text-align-center-desktop text-align-center-tablet text-align-center-mobile\"><div class=\"gutentor-text-wrap\"><h5 class=\"gutentor-text\">Si tiene l\u00ednea telef\u00f3nica Unimos puede acceder a los servicios complementarios los cuales puede activar en nuestro centro de atenci\u00f3n al Cliente. Los cuales son:<\/h5><\/div><\/div>\n<!-- \/wp:gutentor\/e0 -->\n\n<!-- wp:gutentor\/e0 {\"gID\":\"g424f8f\",\"e0AT\":\"* Cambio de n\u00famerou003cbru003eu003cbru003e* Traslado de l\u00edneau003cbru003eu003cbru003e* Cesi\u00f3n de derechos\",\"e0Tag\":\"h4\"} -->\n<div id=\"section-g424f8f\" class=\"wp-block-gutentor-e0 section-g424f8f gutentor-element gutentor-element-advanced-text\"><div class=\"gutentor-text-wrap\"><h4 class=\"gutentor-text\">* Cambio de n\u00famero<br><br>* Traslado de l\u00ednea<br><br>* Cesi\u00f3n de derechos<\/h4><\/div><\/div>\n<!-- \/wp:gutentor\/e0 --><\/div><\/div>\n<!-- \/wp:gutentor\/m4-col -->\n\n<!-- wp:gutentor\/m4-col {\"gID\":\"gma269ae\",\"mPID\":\"a06ca22b-b8cb-40de-9e82-fea1b0383b7b\",\"columns\":3,\"dLayout\":\"oneTenOne\",\"layoutIndex\":2,\"dLayoutColumn\":1,\"colWidth\":8.333333333333332} -->\n<div id=\"col-gma269ae\" class=\"wp-block-gutentor-m4-col col-gma269ae gutentor-single-column  grid-lg-1 grid-md-12 grid-12\"><div id=\"section-gma269ae\" class=\"section-gma269ae gutentor-col-wrap\"><\/div><\/div>\n<!-- \/wp:gutentor\/m4-col --><\/div><\/div><\/section>\n<!-- \/wp:gutentor\/m4 -->","_et_gb_content_width":"","om_disable_all_campaigns":false,"_monsterinsights_skip_tracking":false,"_monsterinsights_sitenote_active":false,"_monsterinsights_sitenote_note":"","_monsterinsights_sitenote_category":0,"footnotes":""},"class_list":["post-291","page","type-page","status-publish","hentry"],"jetpack_sharing_enabled":true,"_links":{"self":[{"href":"https:\/\/siticol.com\/unimos\/wp-json\/wp\/v2\/pages\/291","targetHints":{"allow":["GET"]}}],"collection":[{"href":"https:\/\/siticol.com\/unimos\/wp-json\/wp\/v2\/pages"}],"about":[{"href":"https:\/\/siticol.com\/unimos\/wp-json\/wp\/v2\/types\/page"}],"author":[{"embeddable":true,"href":"https:\/\/siticol.com\/unimos\/wp-json\/wp\/v2\/users\/1"}],"replies":[{"embeddable":true,"href":"https:\/\/siticol.com\/unimos\/wp-json\/wp\/v2\/comments?post=291"}],"version-history":[{"count":4,"href":"https:\/\/siticol.com\/unimos\/wp-json\/wp\/v2\/pages\/291\/revisions"}],"predecessor-version":[{"id":782,"href":"https:\/\/siticol.com\/unimos\/wp-json\/wp\/v2\/pages\/291\/revisions\/782"}],"wp:attachment":[{"href":"https:\/\/siticol.com\/unimos\/wp-json\/wp\/v2\/media?parent=291"}],"curies":[{"name":"wp","href":"https:\/\/api.w.org\/{rel}","templated":true}]}}