{"id":29,"date":"2020-08-13T21:55:53","date_gmt":"2020-08-13T21:55:53","guid":{"rendered":"https:\/\/siticol.com\/unimos\/?page_id=29"},"modified":"2020-11-06T16:46:00","modified_gmt":"2020-11-06T16:46:00","slug":"descripcion-de-areas","status":"publish","type":"page","link":"https:\/\/siticol.com\/unimos\/descripcion-de-areas\/","title":{"rendered":"Descripci\u00f3n de \u00e1reas"},"content":{"rendered":"<p>[et_pb_section fb_built=\u00bb1&#8243; _builder_version=\u00bb4.6.6&#8243; _module_preset=\u00bbdefault\u00bb background_color=\u00bbrgba(12,113,195,0.12)\u00bb custom_padding=\u00bb0px||||false|false\u00bb][et_pb_row _builder_version=\u00bb4.6.6&#8243; _module_preset=\u00bbdefault\u00bb][et_pb_column type=\u00bb4_4&#8243; _builder_version=\u00bb4.6.6&#8243; _module_preset=\u00bbdefault\u00bb][et_pb_text _builder_version=\u00bb4.6.6&#8243; _module_preset=\u00bbdefault\u00bb text_font=\u00bbOpen Sans||||||||\u00bb text_text_color=\u00bb#041291&#8243; text_font_size=\u00bb22px\u00bb text_orientation=\u00bbcenter\u00bb text_text_shadow_style=\u00bbpreset1&#8243;]<\/p>\n<h1 style=\"text-align: center;\"><strong>Quienes Somos<\/strong><\/h1>\n<p>[\/et_pb_text][\/et_pb_column][\/et_pb_row][et_pb_row column_structure=\u00bb1_3,1_3,1_3&#8243; _builder_version=\u00bb4.6.6&#8243; _module_preset=\u00bbdefault\u00bb animation_style=\u00bbbounce\u00bb][et_pb_column type=\u00bb1_3&#8243; _builder_version=\u00bb4.6.6&#8243; _module_preset=\u00bbdefault\u00bb][et_pb_text _builder_version=\u00bb4.6.6&#8243; _module_preset=\u00bbdefault\u00bb text_font=\u00bbOpen Sans||||||||\u00bb text_text_color=\u00bb#000000&#8243; inline_fonts=\u00bbOpen Sans\u00bb]<\/p>\n<p style=\"text-align: center;\"><span style=\"color: #000080; font-size: xx-large; font-family: 'Open Sans'; font-weight: normal;\"><strong>MISI\u00d3N <\/strong><\/span><\/p>\n<p style=\"text-align: center;\"><span><\/span><\/p>\n<p style=\"text-align: center;\"><span>UNIMOS S.A. E.S.P, es una empresa 100% Municipal, que presta servicios de Tecnolog\u00eda de informaci\u00f3n y comunicaciones a la comunidad de Ipiales, con responsabilidad social, calidad y competitividad, a trav\u00e9s del desarrollo humano y la aplicaci\u00f3n de nuevas tecnolog\u00edas\u00a0 <\/span><\/p>\n<p>[\/et_pb_text][\/et_pb_column][et_pb_column type=\u00bb1_3&#8243; _builder_version=\u00bb4.6.6&#8243; _module_preset=\u00bbdefault\u00bb][et_pb_text _builder_version=\u00bb4.6.6&#8243; _module_preset=\u00bbdefault\u00bb text_font=\u00bbOpen Sans||||||||\u00bb text_text_color=\u00bb#000000&#8243;]<\/p>\n<p style=\"text-align: center;\"><span style=\"font-size: xx-large;\"><strong><span style=\"color: #000080;\">VISI\u00d3N <\/span><\/strong><\/span><\/p>\n<p style=\"text-align: center;\"><span><\/span><\/p>\n<p style=\"text-align: center;\"><span>UNIMOS S.A E.S.P ser\u00e1 una empresa l\u00edder en la regi\u00f3n, moderna, adecuada a las nuevas tecnolog\u00edas y comprometida con la comunidad de Ipiales en facilitar el acceso a la informaci\u00f3n y al conocimiento, con un eficiente desarrollo del talento humano, t\u00e9cnico y comercial y teniendo como raz\u00f3n de ser la satisfacci\u00f3n de sus clientes <\/span><\/p>\n<p>[\/et_pb_text][\/et_pb_column][et_pb_column type=\u00bb1_3&#8243; _builder_version=\u00bb4.6.6&#8243; _module_preset=\u00bbdefault\u00bb][et_pb_text _builder_version=\u00bb4.6.6&#8243; _module_preset=\u00bbdefault\u00bb text_font=\u00bbOpen Sans||||||||\u00bb text_text_color=\u00bb#000000&#8243;]<\/p>\n<p style=\"text-align: center;\"><span style=\"color: #000080; font-size: xx-large;\"><strong>POL\u00cdTICA DE CALIDAD<\/strong> <\/span><\/p>\n<p style=\"text-align: center;\"><span>\u00a0<\/span><span>UNIMOS S.A E.S.P, se compromete con sus clientes a prestar servicios de tecnolog\u00eda de informaci\u00f3n, y comunicaciones con oportunidad, confiabilidad, suficiente informaci\u00f3n comercial y responsabilidad social. Nuestro reto diario es el mejoramiento continuo y excelencia en la atenci\u00f3n, para lograrlo nos apoyamos en la competencia del talento humano, la eficiencia de nuestros recursos, y el uso apropiado de nuevas tecnolog\u00edas <\/span><\/p>\n<p>[\/et_pb_text][\/et_pb_column][\/et_pb_row][et_pb_row _builder_version=\u00bb4.6.6&#8243; _module_preset=\u00bbdefault\u00bb custom_margin=\u00bb0px||0px||false|false\u00bb custom_padding=\u00bb0px||0px||false|false\u00bb][et_pb_column type=\u00bb4_4&#8243; _builder_version=\u00bb4.6.6&#8243; _module_preset=\u00bbdefault\u00bb][et_pb_divider _builder_version=\u00bb4.6.6&#8243; _module_preset=\u00bbdefault\u00bb][\/et_pb_divider][\/et_pb_column][\/et_pb_row][et_pb_row column_structure=\u00bb1_2,1_2&#8243; _builder_version=\u00bb4.6.6&#8243; _module_preset=\u00bbdefault\u00bb width=\u00bb90%\u00bb max_width=\u00bb1505px\u00bb][et_pb_column type=\u00bb1_2&#8243; _builder_version=\u00bb4.6.6&#8243; _module_preset=\u00bbdefault\u00bb][et_pb_text _builder_version=\u00bb4.6.6&#8243; _module_preset=\u00bbdefault\u00bb text_font=\u00bbOpen Sans||||||||\u00bb text_text_color=\u00bb#0a3caf\u00bb]<\/p>\n<h1 style=\"text-align: center;\"><strong>Descripci\u00f3n de Areas<\/strong><\/h1>\n<p>[\/et_pb_text][et_pb_toggle title=\u00bbGerencia\u00bb icon_color=\u00bb#0C71C3&#8243; _builder_version=\u00bb4.6.6&#8243; _module_preset=\u00bbdefault\u00bb animation_style=\u00bbzoom\u00bb]<\/p>\n<p><strong><span class=\"has-inline-color\">CORREO ELECTR\u00d3NICO:\u00a0<a href=\"mailto:gerencia@unimosesp.com.co\">gerencia@unimosesp.com.co<\/a><\/span><\/strong><\/p>\n<p><strong><span class=\"has-inline-color\">TELEFONO Y EXT:\u00a07732333 Ext. 11<\/span><\/strong><\/p>\n<p><strong><span class=\"has-inline-color\"><\/span><\/strong><\/p>\n<p>[\/et_pb_toggle][et_pb_toggle title=\u00bbSecretaria ejecutiva\u00bb icon_color=\u00bb#0C71C3&#8243; _builder_version=\u00bb4.6.6&#8243; _module_preset=\u00bbdefault\u00bb animation_style=\u00bbzoom\u00bb]<\/p>\n<p><strong><span class=\"has-inline-color\">CORREO ELECTR\u00d3NICO:\u00a0<\/span><\/strong><span><a href=\"mailto:secretariagerencia@unimosesp.com.co\">secretariagerencia@unimosesp.com.co<\/a><\/span><\/p>\n<p><strong><span class=\"has-inline-color\">TELEFONO Y EXT:\u00a0Ext 12<\/span><\/strong><\/p>\n<p><strong><span class=\"has-inline-color\"><\/span><\/strong><\/p>\n<p>[\/et_pb_toggle][et_pb_toggle title=\u00bbSistemas y facturaci\u00f3n\u00bb icon_color=\u00bb#0C71C3&#8243; _builder_version=\u00bb4.6.6&#8243; _module_preset=\u00bbdefault\u00bb animation_style=\u00bbzoom\u00bb]<\/p>\n<p><strong><span class=\"has-inline-color\">CORREO ELECTR\u00d3NICO:\u00a0<\/span><\/strong><\/p>\n<p><span><a href=\"mailto:sistemas@unimosesp.com.co\">sistemas@unimosesp.com.co<\/a><\/span><\/p>\n<p><span><a href=\"mailto:unimos@unimosesp.com.co\">unimos@unimosesp.com.co<\/a><\/span><\/p>\n<p><strong><span class=\"has-inline-color\">TELEFONO Y EXT: Ext. 23<\/span><\/strong><\/p>\n<p><strong><span class=\"has-inline-color\"><\/span><\/strong><\/p>\n<p>[\/et_pb_toggle][et_pb_toggle title=\u00bbJur\u00eddica\u00bb icon_color=\u00bb#0C71C3&#8243; _builder_version=\u00bb4.6.6&#8243; _module_preset=\u00bbdefault\u00bb animation_style=\u00bbzoom\u00bb]<\/p>\n<p><strong><span class=\"has-inline-color\">CORREO ELECTR\u00d3NICO:\u00a0<\/span><\/strong><span><a href=\"mailto:juridica@unimosesp.com.co\">juridica@unimosesp.com.co<\/a><\/span><\/p>\n<p><strong><span class=\"has-inline-color\">TELEFONO Y EXT: Ext. 19<\/span><\/strong><\/p>\n<p><strong><span class=\"has-inline-color\"><\/span><\/strong><\/p>\n<p>[\/et_pb_toggle][et_pb_toggle title=\u00bbControl interno\u00bb icon_color=\u00bb#0C71C3&#8243; _builder_version=\u00bb4.6.6&#8243; _module_preset=\u00bbdefault\u00bb animation_style=\u00bbzoom\u00bb hover_enabled=\u00bb0&#8243; sticky_enabled=\u00bb0&#8243;]<\/p>\n<p><strong><span class=\"has-inline-color\">CORREO ELECTR\u00d3NICO:\u00a0<\/span><\/strong><span><a href=\"mailto:controlinterno@unimosesp.com.co\">controlinterno@unimosesp.com.co<\/a><\/span><\/p>\n<p><strong><span class=\"has-inline-color\">TELEFONO Y EXT: Ext. 20<\/span><\/strong><\/p>\n<p><strong><span class=\"has-inline-color\"><\/span><\/strong><\/p>\n<p>[\/et_pb_toggle][et_pb_toggle title=\u00bbPlaneaci\u00f3n\u00bb icon_color=\u00bb#0C71C3&#8243; _builder_version=\u00bb4.6.6&#8243; _module_preset=\u00bbdefault\u00bb animation_style=\u00bbzoom\u00bb]<\/p>\n<p><strong><span class=\"has-inline-color\">CORREO ELECTR\u00d3NICO:\u00a0<\/span><\/strong><span><a href=\"mailto:planeacion@unimosesp.com.co\">planeacion@unimosesp.com.co<\/a><\/span><\/p>\n<p><strong><span class=\"has-inline-color\">TELEFONO Y EXT: Ext. 13<\/span><\/strong><\/p>\n<p><strong><span class=\"has-inline-color\"><\/span><\/strong><\/p>\n<p>[\/et_pb_toggle][et_pb_toggle title=\u00bbSubgerencia Financiera\u00bb icon_color=\u00bb#0C71C3&#8243; _builder_version=\u00bb4.6.6&#8243; _module_preset=\u00bbdefault\u00bb animation_style=\u00bbzoom\u00bb]<\/p>\n<p><strong><span class=\"has-inline-color\">CORREO ELECTR\u00d3NICO:\u00a0<\/span><\/strong><span><a href=\"mailto:financiera@unimosesp.com.co\">financiera@unimosesp.com.co<\/a><\/span><\/p>\n<p><strong><span class=\"has-inline-color\">TELEFONO Y EXT: Ext. 16<\/span><\/strong><\/p>\n<p><strong><span class=\"has-inline-color\"><\/span><\/strong><\/p>\n<p>[\/et_pb_toggle][et_pb_toggle title=\u00bbSubgerencia comercializaci\u00f3n\u00bb icon_color=\u00bb#0C71C3&#8243; _builder_version=\u00bb4.6.6&#8243; _module_preset=\u00bbdefault\u00bb animation_style=\u00bbzoom\u00bb]<\/p>\n<p><strong><span class=\"has-inline-color\">CORREO ELECTR\u00d3NICO:\u00a0<\/span><\/strong><span><a href=\"mailto:clientes@unimosesp.com.co\">clientes@unimosesp.com.co<\/a><\/span><\/p>\n<p><strong><span class=\"has-inline-color\">TELEFONO Y EXT: Ext. 15<\/span><\/strong><\/p>\n<p><strong><span class=\"has-inline-color\"><\/span><\/strong><\/p>\n<p>[\/et_pb_toggle][et_pb_toggle title=\u00bbSubgerencia t\u00e9cnica\u00bb icon_color=\u00bb#0C71C3&#8243; _builder_version=\u00bb4.6.6&#8243; _module_preset=\u00bbdefault\u00bb animation_style=\u00bbzoom\u00bb]<\/p>\n<p><strong><span class=\"has-inline-color\">CORREO ELECTR\u00d3NICO:\u00a0<\/span><\/strong><span><a href=\"mailto:tecnica@unimosesp.com.co\">tecnica@unimosesp.com.co<\/a><\/span><\/p>\n<p><strong><span class=\"has-inline-color\">TELEFONO Y EXT: Ext. 17<\/span><\/strong><\/p>\n<p><strong><span class=\"has-inline-color\"><\/span><\/strong><\/p>\n<p>[\/et_pb_toggle][et_pb_toggle title=\u00bbContabilidad\u00bb icon_color=\u00bb#0C71C3&#8243; _builder_version=\u00bb4.6.6&#8243; _module_preset=\u00bbdefault\u00bb animation_style=\u00bbzoom\u00bb]<\/p>\n<p><strong><span class=\"has-inline-color\">CORREO ELECTR\u00d3NICO:\u00a0<\/span><\/strong><span><a href=\"mailto:contabilidad@unimosesp.com.co\">contabilidad@unimosesp.com.co<\/a><\/span><\/p>\n<p><strong><span class=\"has-inline-color\">TELEFONO Y EXT: Ext. 22<\/span><\/strong><\/p>\n<p><strong><span class=\"has-inline-color\"><\/span><\/strong><\/p>\n<p>[\/et_pb_toggle][et_pb_toggle title=\u00bbTesorer\u00eda\u00bb icon_color=\u00bb#0C71C3&#8243; _builder_version=\u00bb4.6.6&#8243; _module_preset=\u00bbdefault\u00bb animation_style=\u00bbzoom\u00bb]<\/p>\n<p><strong><span class=\"has-inline-color\">CORREO ELECTR\u00d3NICO:\u00a0<\/span><\/strong><span><a href=\"mailto:tesoreria@unimosesp.com.co\">tesoreria@unimosesp.com.co<\/a><\/span><\/p>\n<p><strong><span class=\"has-inline-color\">TELEFONO Y EXT: Ext. 30<\/span><\/strong><\/p>\n<p><strong><span class=\"has-inline-color\"><\/span><\/strong><\/p>\n<p>[\/et_pb_toggle][et_pb_toggle title=\u00bbAlmac\u00e9n\u00bb icon_color=\u00bb#0C71C3&#8243; _builder_version=\u00bb4.6.6&#8243; _module_preset=\u00bbdefault\u00bb animation_style=\u00bbzoom\u00bb]<\/p>\n<p><strong><span class=\"has-inline-color\">CORREO ELECTR\u00d3NICO:\u00a0<\/span><\/strong><span><a href=\"mailto:almacen@unimosesp.com.co\">almacen@unimosesp.com.co<\/a><\/span><\/p>\n<p><strong><span class=\"has-inline-color\">TELEFONO Y EXT: Ext. 24<\/span><\/strong><\/p>\n<p><strong><span class=\"has-inline-color\"><\/span><\/strong><\/p>\n<p>[\/et_pb_toggle][et_pb_toggle title=\u00bbArchivo\u00bb icon_color=\u00bb#0C71C3&#8243; _builder_version=\u00bb4.6.6&#8243; _module_preset=\u00bbdefault\u00bb animation_style=\u00bbzoom\u00bb]<\/p>\n<p><strong><span class=\"has-inline-color\">CORREO ELECTR\u00d3NICO:\u00a0<\/span><\/strong><span><a href=\"mailto:archivounimos@unimosesp.com.co\">archivounimos@unimosesp.com.co<\/a><\/span><\/p>\n<p><strong><span class=\"has-inline-color\">TELEFONO Y EXT: Ext. 21<\/span><\/strong><\/p>\n<p><strong><span class=\"has-inline-color\"><\/span><\/strong><\/p>\n<p>[\/et_pb_toggle][et_pb_toggle title=\u00bbCartera\u00bb icon_color=\u00bb#0C71C3&#8243; _builder_version=\u00bb4.6.6&#8243; _module_preset=\u00bbdefault\u00bb animation_style=\u00bbzoom\u00bb]<\/p>\n<p><strong><span class=\"has-inline-color\">CORREO ELECTR\u00d3NICO:\u00a0<\/span><\/strong><span><a href=\"mailto:cartera@unimosesp.com.co\">cartera@unimosesp.com.co<\/a><\/span><\/p>\n<p><strong><span class=\"has-inline-color\">TELEFONO Y EXT: 7733910<\/span><\/strong><\/p>\n<p><strong><span class=\"has-inline-color\"><\/span><\/strong><\/p>\n<p>[\/et_pb_toggle][et_pb_toggle title=\u00bbAtenci\u00f3n al usuario\u00bb icon_color=\u00bb#0C71C3&#8243; _builder_version=\u00bb4.6.6&#8243; _module_preset=\u00bbdefault\u00bb animation_style=\u00bbzoom\u00bb]<\/p>\n<p><strong><span class=\"has-inline-color\">CORREO ELECTR\u00d3NICO:\u00a0<\/span><\/strong><\/p>\n<p><span><a href=\"mailto:Atencionalusuario1@unimosesp.com.co\">Atencionalusuario1@unimosesp.com.co<\/a><\/span><\/p>\n<p><span><a href=\"mailto:Atencionalusuario2@unimosesp.com.co\">Atencionalusuario2@unimosesp.com.co<\/a><\/span><\/p>\n<p><span><a href=\"mailto:Atencionalusuario3@unimosesp.com.co\">Atencionalusuario3@unimosesp.com.co<\/a><\/span><\/p>\n<p><strong><span class=\"has-inline-color\">TELEFONO Y EXT: Ext. 14<\/span><\/strong><\/p>\n<p><strong><span class=\"has-inline-color\"><\/span><\/strong><\/p>\n<p>[\/et_pb_toggle][et_pb_toggle title=\u00bbPlanta externa\u00bb icon_color=\u00bb#0C71C3&#8243; _builder_version=\u00bb4.6.6&#8243; _module_preset=\u00bbdefault\u00bb animation_style=\u00bbzoom\u00bb]<\/p>\n<p><strong><span class=\"has-inline-color\">CORREO ELECTR\u00d3NICO:\u00a0<\/span><\/strong><span><a href=\"mailto:redexterna@unimosesp.com.co\">redexterna@unimosesp.com.co<\/a><\/span><\/p>\n<p><strong><span class=\"has-inline-color\">TELEFONO Y EXT: Ext. 27<\/span><\/strong><\/p>\n<p><strong><span class=\"has-inline-color\"><\/span><\/strong><\/p>\n<p>[\/et_pb_toggle][et_pb_toggle title=\u00bbPlanta interna\u00bb icon_color=\u00bb#0C71C3&#8243; _builder_version=\u00bb4.6.6&#8243; _module_preset=\u00bbdefault\u00bb animation_style=\u00bbzoom\u00bb]<\/p>\n<p><strong><span class=\"has-inline-color\">CORREO ELECTR\u00d3NICO:\u00a0<\/span><\/strong><span><a href=\"mailto:digital@unimosesp.com.co\">digital@unimosesp.com.co<\/a><\/span><\/p>\n<p><strong><span class=\"has-inline-color\">TELEFONO Y EXT: 7738610<\/span><\/strong><\/p>\n<p><strong><span class=\"has-inline-color\"><\/span><\/strong><\/p>\n<p>[\/et_pb_toggle][et_pb_toggle title=\u00bbBanda ancha\u00bb icon_color=\u00bb#0C71C3&#8243; _builder_version=\u00bb4.6.6&#8243; _module_preset=\u00bbdefault\u00bb custom_padding=\u00bb||20px|||\u00bb animation_style=\u00bbzoom\u00bb]<\/p>\n<p><strong><span class=\"has-inline-color\">CORREO ELECTR\u00d3NICO: <a href=\"mailto:bandaancha@unimosesp.com.co\">bandaancha@unimosesp.com.co<\/a><\/span><\/strong><span><\/span><\/p>\n<p><strong><span class=\"has-inline-color\">TELEFONO Y EXT: 7255960<\/span><\/strong><\/p>\n<p><strong><span class=\"has-inline-color\"><\/span><\/strong><\/p>\n<p>[\/et_pb_toggle][\/et_pb_column][et_pb_column type=\u00bb1_2&#8243; _builder_version=\u00bb4.6.6&#8243; _module_preset=\u00bbdefault\u00bb][et_pb_image src=\u00bbhttps:\/\/siticol.com\/unimos\/wp-content\/uploads\/2020\/08\/estructura-1.png\u00bb title_text=\u00bbestructura-1&#8243; _builder_version=\u00bb4.6.6&#8243; _module_preset=\u00bbdefault\u00bb hover_enabled=\u00bb0&#8243; animation_style=\u00bbzoom\u00bb sticky_enabled=\u00bb0&#8243;][\/et_pb_image][\/et_pb_column][\/et_pb_row][\/et_pb_section]<\/p>\n","protected":false},"excerpt":{"rendered":"<p>[et_pb_section fb_built=\u00bb1&#8243; _builder_version=\u00bb4.6.6&#8243; _module_preset=\u00bbdefault\u00bb background_color=\u00bbrgba(12,113,195,0.12)\u00bb custom_padding=\u00bb0px||||false|false\u00bb][et_pb_row _builder_version=\u00bb4.6.6&#8243; _module_preset=\u00bbdefault\u00bb][et_pb_column type=\u00bb4_4&#8243; _builder_version=\u00bb4.6.6&#8243; _module_preset=\u00bbdefault\u00bb][et_pb_text _builder_version=\u00bb4.6.6&#8243; _module_preset=\u00bbdefault\u00bb text_font=\u00bbOpen Sans||||||||\u00bb text_text_color=\u00bb#041291&#8243; text_font_size=\u00bb22px\u00bb text_orientation=\u00bbcenter\u00bb text_text_shadow_style=\u00bbpreset1&#8243;] Quienes Somos [\/et_pb_text][\/et_pb_column][\/et_pb_row][et_pb_row column_structure=\u00bb1_3,1_3,1_3&#8243; _builder_version=\u00bb4.6.6&#8243; _module_preset=\u00bbdefault\u00bb animation_style=\u00bbbounce\u00bb][et_pb_column type=\u00bb1_3&#8243; _builder_version=\u00bb4.6.6&#8243; _module_preset=\u00bbdefault\u00bb][et_pb_text _builder_version=\u00bb4.6.6&#8243; _module_preset=\u00bbdefault\u00bb text_font=\u00bbOpen Sans||||||||\u00bb text_text_color=\u00bb#000000&#8243; inline_fonts=\u00bbOpen Sans\u00bb] MISI\u00d3N UNIMOS S.A. E.S.P, es una empresa 100% Municipal, que presta servicios de Tecnolog\u00eda de informaci\u00f3n y comunicaciones a [&hellip;]<\/p>\n","protected":false},"author":1,"featured_media":0,"parent":0,"menu_order":0,"comment_status":"closed","ping_status":"closed","template":"template-gutentor-full-width.php","meta":{"_et_pb_use_builder":"on","_et_pb_old_content":"<!-- wp:gutentor\/e0 {\"gID\":\"gd29056\",\"e0AT\":\"Descripci\u00f3n de \u00e1reas\",\"e0Tag\":\"h1\",\"e0Align\":{\"desktop\":\"text-align-center\",\"tablet\":\"text-align-center\",\"mobile\":\"text-align-center\"},\"e0Typography\":{\"fontType\":\"google\",\"googleFont\":\"Open+Sans\",\"fontWeight\":\"700\"}} -->\n<div id=\"section-gd29056\" class=\"wp-block-gutentor-e0 section-gd29056 gutentor-element gutentor-element-advanced-text text-align-center-desktop text-align-center-tablet text-align-center-mobile\"><div class=\"gutentor-text-wrap\"><h1 class=\"gutentor-text\">Descripci\u00f3n de \u00e1reas<\/h1><\/div><\/div>\n<!-- \/wp:gutentor\/e0 -->\n\n<!-- wp:table {\"hasFixedLayout\":true,\"backgroundColor\":\"subtle-pale-blue\",\"className\":\"is-style-regular\"} -->\n<figure class=\"wp-block-table is-style-regular\"><table class=\"has-subtle-pale-blue-background-color has-fixed-layout has-background\"><thead><tr><th><strong><span style=\"color:#1676ad\" class=\"has-inline-color\">\u00c1REA<\/span><\/strong><\/th><th><strong><span style=\"color:#1676ad\" class=\"has-inline-color\">CORREO ELECTR\u00d3NICO<\/span><\/strong><\/th><th><strong><span style=\"color:#1676ad\" class=\"has-inline-color\">TELEFONO Y EXT<\/span><\/strong><\/th><\/tr><\/thead><tbody><tr><td><strong>Gerencia<\/strong><\/td><td><a href=\"mailto:gerencia@unimosesp.com.co\">gerencia@unimosesp.com.co<\/a>&nbsp;<\/td><td><strong>7732333 Ext. 11<\/strong><\/td><\/tr><tr><td><strong>Secretaria Ejecutiva<\/strong><\/td><td><a href=\"mailto:secretariagerencia@unimosesp.com.co\">secretariagerencia@unimosesp.com.co<\/a>&nbsp;<\/td><td><strong>Ext. 12<\/strong><\/td><\/tr><tr><td><strong>Jur\u00eddica<\/strong><\/td><td><a href=\"mailto:juridica@unimosesp.com.co\">juridica@unimosesp.com.co<\/a>&nbsp;<\/td><td><strong>Ext. 19<\/strong><\/td><\/tr><tr><td><strong>Control Interno<\/strong><\/td><td><a href=\"mailto:controlinterno@unimosesp.com.co\">controlinterno@unimosesp.com.co<\/a>&nbsp;<\/td><td><strong>Ext. 20<\/strong><\/td><\/tr><tr><td><strong>Planeaci\u00f3n<\/strong><\/td><td><a href=\"mailto:planeacion@unimosesp.com.co\">planeacion@unimosesp.com.co<\/a>&nbsp;<\/td><td><strong>Ext. 13<\/strong><\/td><\/tr><tr><td><strong>Subgerencia Financiera<\/strong><\/td><td><a href=\"mailto:financiera@unimosesp.com.co\">financiera@unimosesp.com.co<\/a>&nbsp;<\/td><td><span class=\"has-inline-color has-black-color\"><strong>Ext. 16<\/strong><\/span><\/td><\/tr><tr><td><strong>Subgerencia Comercializaci\u00f3n<\/strong><\/td><td><a href=\"mailto:clientes@unimosesp.com.co\">clientes@unimosesp.com.co<\/a>&nbsp;<\/td><td><strong>Ext. 15<\/strong><\/td><\/tr><tr><td><strong>Subgerencia T\u00e9cnica<\/strong><\/td><td><a href=\"mailto:tecnica@unimosesp.com.co\">tecnica@unimosesp.com.co<\/a>&nbsp;<\/td><td><strong>Ext. 17<\/strong><\/td><\/tr><tr><td><strong>Contabilidad<\/strong><\/td><td><a href=\"mailto:contabilidad@unimosesp.com.co\">contabilidad@unimosesp.com.co<\/a>&nbsp;<\/td><td><strong>Ext. 22<\/strong><\/td><\/tr><tr><td><strong>Tesorer\u00eda<\/strong><\/td><td><a href=\"mailto:tesoreria@unimosesp.com.co\">tesoreria@unimosesp.com.co<\/a>&nbsp;<\/td><td><strong>Ext. 30<\/strong><\/td><\/tr><tr><td><strong>Almac\u00e9n<\/strong><\/td><td><a href=\"mailto:almacen@unimosesp.com.co\">almacen@unimosesp.com.co<\/a>&nbsp;<\/td><td><strong>Ext. 24<\/strong><\/td><\/tr><tr><td><strong>Archivo<\/strong><\/td><td><a href=\"mailto:archivounimos@unimosesp.com.co\">archivounimos@unimosesp.com.co<\/a>&nbsp;<\/td><td><strong>Ext. 21<\/strong><\/td><\/tr><tr><td><strong>Cartera<\/strong><\/td><td><a href=\"mailto:cartera@unimosesp.com.co\">cartera@unimosesp.com.co<\/a>&nbsp;<\/td><td><strong>7733910<\/strong><\/td><\/tr><tr><td><strong>Atenci\u00f3n al Usuario<\/strong><\/td><td><a href=\"mailto:Atencionalusuario1@unimosesp.com.co\">Atencionalusuario1@unimosesp.com.co<\/a>&nbsp; <a href=\"mailto:Atencionalusuario2@unimosesp.com.co\">Atencionalusuario2@unimosesp.com.co<\/a>&nbsp; <a href=\"mailto:Atencionalusuario3@unimosesp.com.co\">Atencionalusuario3@unimosesp.com.co<\/a>&nbsp;<\/td><td><strong>Ext. 14<\/strong><\/td><\/tr><tr><td><strong>Planta Externa<\/strong><\/td><td><a href=\"mailto:redexterna@unimosesp.com.co\">redexterna@unimosesp.com.co<\/a>&nbsp;<\/td><td><strong>Ext. 27<\/strong><\/td><\/tr><tr><td><strong>Planta Interna<\/strong><\/td><td><a href=\"mailto:digital@unimosesp.com.co\">digital@unimosesp.com.co<\/a>&nbsp;<\/td><td><strong>7738610<\/strong><\/td><\/tr><tr><td><strong>Banda Ancha<\/strong><\/td><td><a href=\"mailto:bandaancha@unimosesp.com.co\">bandaancha@unimosesp.com.co<\/a>&nbsp;<\/td><td><strong>7255960<\/strong><\/td><\/tr><tr><td><strong>Sistemas y Facturaci\u00f3n<\/strong><\/td><td><a href=\"mailto:sistemas@unimosesp.com.co\">sistemas@unimosesp.com.co<\/a>&nbsp;<a href=\"mailto:unimos@unimosesp.com.co\">unimos@unimosesp.com.co<\/a>&nbsp;<\/td><td><strong>Ext. 23<\/strong><\/td><\/tr><\/tbody><\/table><\/figure>\n<!-- \/wp:table -->\n\n<!-- wp:heading {\"align\":\"center\",\"style\":{\"color\":{\"text\":\"#03476f\"}}} -->\n<h2 class=\"has-text-align-center has-text-color\" style=\"color:#03476f\"><strong>Estructura Administrativa<\/strong><\/h2>\n<!-- \/wp:heading -->\n\n<!-- wp:gutentor\/m4 {\"gID\":\"gm451fcc6\",\"columns\":1,\"dLayout\":\"twelve\"} -->\n<section id=\"gm451fcc6\" class=\"wp-block-gutentor-m4 section-gm451fcc6 gutentor-module gutentor-advanced-columns\"><div class=\"grid-container\"><div class=\"grid-row\"><!-- wp:gutentor\/m4-col {\"gID\":\"gm0da310\",\"mPID\":\"451fcc6a-f75e-4c6d-8089-82c5b48f51be\",\"columns\":1,\"dLayout\":\"twelve\",\"layoutIndex\":0,\"dLayoutColumn\":12,\"colWidth\":100} -->\n<div id=\"col-gm0da310\" class=\"wp-block-gutentor-m4-col col-gm0da310 gutentor-single-column  grid-lg-12 grid-md-12 grid-12\"><div id=\"section-gm0da310\" class=\"section-gm0da310 gutentor-col-wrap\"><!-- wp:gutentor\/e6 {\"gID\":\"g3a59c4\",\"e6Img\":{\"sizes\":{\"thumbnail\":{\"height\":150,\"width\":150,\"url\":\"https:\/\/siticol.com\/unimos\/wp-content\/uploads\/2020\/08\/estructura-1-150x150.png\",\"orientation\":\"landscape\"},\"medium\":{\"height\":300,\"width\":248,\"url\":\"https:\/\/siticol.com\/unimos\/wp-content\/uploads\/2020\/08\/estructura-1-248x300.png\",\"orientation\":\"portrait\"},\"large\":{\"height\":775,\"width\":640,\"url\":\"https:\/\/siticol.com\/unimos\/wp-content\/uploads\/2020\/08\/estructura-1-846x1024.png\",\"orientation\":\"portrait\"},\"full\":{\"url\":\"https:\/\/siticol.com\/unimos\/wp-content\/uploads\/2020\/08\/estructura-1.png\",\"height\":2241,\"width\":1852,\"orientation\":\"portrait\"}},\"url\":\"https:\/\/siticol.com\/unimos\/wp-content\/uploads\/2020\/08\/estructura-1.png\",\"alt\":\"\"}} -->\n<div id=\"section-g3a59c4\" class=\"wp-block-gutentor-e6 section-g3a59c4 gutentor-element gutentor-element-image\"><div class=\"gutentor-element-image-box\"><div class=\"gutentor-image-thumb\"><img class=\"normal-image\" src=\"https:\/\/siticol.com\/unimos\/wp-content\/uploads\/2020\/08\/estructura-1.png\"\/><\/div><\/div><\/div>\n<!-- \/wp:gutentor\/e6 --><\/div><\/div>\n<!-- \/wp:gutentor\/m4-col --><\/div><\/div><\/section>\n<!-- \/wp:gutentor\/m4 -->","_et_gb_content_width":"","om_disable_all_campaigns":false,"_monsterinsights_skip_tracking":false,"_monsterinsights_sitenote_active":false,"_monsterinsights_sitenote_note":"","_monsterinsights_sitenote_category":0,"footnotes":""},"class_list":["post-29","page","type-page","status-publish","hentry"],"jetpack_sharing_enabled":true,"_links":{"self":[{"href":"https:\/\/siticol.com\/unimos\/wp-json\/wp\/v2\/pages\/29","targetHints":{"allow":["GET"]}}],"collection":[{"href":"https:\/\/siticol.com\/unimos\/wp-json\/wp\/v2\/pages"}],"about":[{"href":"https:\/\/siticol.com\/unimos\/wp-json\/wp\/v2\/types\/page"}],"author":[{"embeddable":true,"href":"https:\/\/siticol.com\/unimos\/wp-json\/wp\/v2\/users\/1"}],"replies":[{"embeddable":true,"href":"https:\/\/siticol.com\/unimos\/wp-json\/wp\/v2\/comments?post=29"}],"version-history":[{"count":4,"href":"https:\/\/siticol.com\/unimos\/wp-json\/wp\/v2\/pages\/29\/revisions"}],"predecessor-version":[{"id":554,"href":"https:\/\/siticol.com\/unimos\/wp-json\/wp\/v2\/pages\/29\/revisions\/554"}],"wp:attachment":[{"href":"https:\/\/siticol.com\/unimos\/wp-json\/wp\/v2\/media?parent=29"}],"curies":[{"name":"wp","href":"https:\/\/api.w.org\/{rel}","templated":true}]}}