{"id":280,"date":"2020-10-05T20:27:52","date_gmt":"2020-10-05T20:27:52","guid":{"rendered":"https:\/\/siticol.com\/unimos\/?page_id=280"},"modified":"2020-10-15T17:52:28","modified_gmt":"2020-10-15T17:52:28","slug":"pago-en-linea","status":"publish","type":"page","link":"https:\/\/siticol.com\/unimos\/pago-en-linea\/","title":{"rendered":"Pago En L\u00ednea"},"content":{"rendered":"<section id=\"gmf7233a5\" class=\"wp-block-gutentor-m4 section-gmf7233a5 gutentor-module gutentor-advanced-columns has-image-bg has-custom-bg has-gutentor-overlay\"><div class=\"grid-container\"><div class=\"grid-row\"><div id=\"col-gmc92dfd\" class=\"wp-block-gutentor-m4-col col-gmc92dfd gutentor-single-column  grid-lg-6 grid-md-12 grid-12\"><div id=\"section-gmc92dfd\" class=\"section-gmc92dfd gutentor-col-wrap\"><div id=\"section-gc6b833\" class=\"wp-block-gutentor-e0 section-gc6b833 gutentor-element gutentor-element-advanced-text\"><div class=\"gutentor-text-wrap\"><h1 class=\"gutentor-text\">Pago En <strong>L\u00ednea<\/strong><\/h1><\/div><\/div>\n\n<div id=\"section-g14cbcf\" class=\"wp-block-gutentor-e0 section-g14cbcf gutentor-element gutentor-element-advanced-text\"><div class=\"gutentor-text-wrap\"><p class=\"gutentor-text\">Si deseas usar un medio seguro y pr\u00e1ctico para tus compras y pagos en Internet, con Multipagos PSE puedes hacerlo realidad. Los recursos se debitan en la l\u00ednea de la entidad financiera donde tengas el dinero y se depositan en la entidad financiera recaudadora que defina la empresa o comercio.<br><br>Beneficios para Usuarios:<br>* Permite hacer transacciones sin moverse de su hogar u oficina.<br>* Brinda seguridad y agilidad al reducir el manejo de efectivo.<br>* Facilita y ofrece comodidad en sus pagos y\/o compras.<br>* Disponible las 24 horas de d\u00eda, 7 d\u00edas a la semana y todos los d\u00edas del a\u00f1o.<br>* Confirma en l\u00ednea las transacciones<\/p><\/div><\/div>\n\n<div id=\"section-gcf30ce\" class=\"wp-block-gutentor-e0 section-gcf30ce gutentor-element gutentor-element-advanced-text text-align-center-desktop text-align-center-tablet text-align-center-mobile\"><div class=\"gutentor-text-wrap\"><h2 class=\"gutentor-text\"><strong><a href=\"https:\/\/www.zonapagos.com\/t_unimossa\/pagos.asp\">R<\/a><\/strong><strong><a href=\"https:\/\/www.zonapagos.com\/t_unimossa\/pagos.asp\">e<\/a><\/strong><strong><a href=\"https:\/\/www.zonapagos.com\/t_unimossa\/pagos.asp\">a<\/a><\/strong><strong><a href=\"https:\/\/www.zonapagos.com\/t_unimossa\/pagos.asp\">l<\/a><\/strong><strong><a href=\"https:\/\/www.zonapagos.com\/t_unimossa\/pagos.asp\">i<\/a><\/strong><strong><a href=\"https:\/\/www.zonapagos.com\/t_unimossa\/pagos.asp\">z<\/a><\/strong><strong><a href=\"https:\/\/www.zonapagos.com\/t_unimossa\/pagos.asp\">a<\/a><\/strong><strong><a href=\"https:\/\/www.zonapagos.com\/t_unimossa\/pagos.asp\"> <\/a><\/strong><strong><a href=\"https:\/\/www.zonapagos.com\/t_unimossa\/pagos.asp\">t<\/a><\/strong><strong><a href=\"https:\/\/www.zonapagos.com\/t_unimossa\/pagos.asp\">u<\/a><\/strong><strong><a href=\"https:\/\/www.zonapagos.com\/t_unimossa\/pagos.asp\"> <\/a><\/strong><strong><a href=\"https:\/\/www.zonapagos.com\/t_unimossa\/pagos.asp\">p<\/a><\/strong><strong><a href=\"https:\/\/www.zonapagos.com\/t_unimossa\/pagos.asp\">a<\/a><\/strong><strong><a href=\"https:\/\/www.zonapagos.com\/t_unimossa\/pagos.asp\">g<\/a><\/strong><strong><a href=\"https:\/\/www.zonapagos.com\/t_unimossa\/pagos.asp\">o<\/a><\/strong><strong><a href=\"https:\/\/www.zonapagos.com\/t_unimossa\/pagos.asp\"> aqu\u00ed<\/a><\/strong><\/h2><\/div><\/div>\n\n<div id=\"section-geaad76\" class=\"wp-block-gutentor-e0 section-geaad76 gutentor-element gutentor-element-advanced-text\"><div class=\"gutentor-text-wrap\"><p class=\"gutentor-text\"><em>Si tiene alguna duda sobre como hacer el pago aqu\u00ed dejamos un video en donde explicamos todo el proceso que debe hacer<\/em><\/p><\/div><\/div>\n\n<figure class=\"wp-block-video\"><video height=\"1080\" style=\"aspect-ratio: 1920 \/ 1080;\" width=\"1920\" controls src=\"https:\/\/siticol.com\/unimos\/wp-content\/uploads\/2020\/10\/PSE.mp4\"><\/video><\/figure><\/div><\/div>\n\n<div id=\"col-gmdf53f9\" class=\"wp-block-gutentor-m4-col col-gmdf53f9 gutentor-single-column  grid-lg-6 grid-md-12 grid-12\"><div id=\"section-gmdf53f9\" class=\"section-gmdf53f9 gutentor-col-wrap\"><div id=\"section-g9e78a1\" class=\"wp-block-gutentor-e6 section-g9e78a1 gutentor-element gutentor-element-image\"><div class=\"gutentor-element-image-box\"><div class=\"gutentor-image-thumb\"><img decoding=\"async\" class=\"normal-image\" src=\"https:\/\/siticol.com\/unimos\/wp-content\/uploads\/2020\/10\/logo-pse.png\"\/><\/div><\/div><\/div><\/div><\/div><\/div><\/div><\/section>","protected":false},"excerpt":{"rendered":"","protected":false},"author":1,"featured_media":0,"parent":0,"menu_order":0,"comment_status":"closed","ping_status":"closed","template":"template-gutentor-full-width.php","meta":{"_et_pb_use_builder":"","_et_pb_old_content":"","_et_gb_content_width":"","om_disable_all_campaigns":false,"_monsterinsights_skip_tracking":false,"_monsterinsights_sitenote_active":false,"_monsterinsights_sitenote_note":"","_monsterinsights_sitenote_category":0,"footnotes":""},"class_list":["post-280","page","type-page","status-publish","hentry"],"jetpack_sharing_enabled":true,"_links":{"self":[{"href":"https:\/\/siticol.com\/unimos\/wp-json\/wp\/v2\/pages\/280","targetHints":{"allow":["GET"]}}],"collection":[{"href":"https:\/\/siticol.com\/unimos\/wp-json\/wp\/v2\/pages"}],"about":[{"href":"https:\/\/siticol.com\/unimos\/wp-json\/wp\/v2\/types\/page"}],"author":[{"embeddable":true,"href":"https:\/\/siticol.com\/unimos\/wp-json\/wp\/v2\/users\/1"}],"replies":[{"embeddable":true,"href":"https:\/\/siticol.com\/unimos\/wp-json\/wp\/v2\/comments?post=280"}],"version-history":[{"count":5,"href":"https:\/\/siticol.com\/unimos\/wp-json\/wp\/v2\/pages\/280\/revisions"}],"predecessor-version":[{"id":455,"href":"https:\/\/siticol.com\/unimos\/wp-json\/wp\/v2\/pages\/280\/revisions\/455"}],"wp:attachment":[{"href":"https:\/\/siticol.com\/unimos\/wp-json\/wp\/v2\/media?parent=280"}],"curies":[{"name":"wp","href":"https:\/\/api.w.org\/{rel}","templated":true}]}}